{"id":43,"date":"2024-11-18T19:52:06","date_gmt":"2024-11-18T18:52:06","guid":{"rendered":"https:\/\/szigetkonyveloiroda.com\/sziget\/services\/"},"modified":"2025-01-02T13:14:53","modified_gmt":"2025-01-02T12:14:53","slug":"services","status":"publish","type":"page","link":"https:\/\/szigetkonyveloiroda.com\/sziget\/services\/","title":{"rendered":"Szolg\u00e1ltat\u00e1saink"},"content":{"rendered":"\n\n\n\n\n<h2>szolg\u00e1ltat\u00e1saink<\/h2>\n\n\n\n<p>k\u00f6nyvel\u00e9s, b\u00e9rsz\u00e1mfejt\u00e9s, szja bevall\u00e1s, v\u00e1llakoz\u00e1s ind\u00edt\u00e1s, sz\u00e1mviteli szab\u00e1lyzatok k\u00e9sz\u00edt\u00e9se, egyszer\u0171s\u00edtett v\u00e9gelsz\u00e1mol\u00e1s bonyol\u00edt\u00e1sa&#8230;.<\/p>\n\n\n\n\n\n<p>&#8230;&#8230;<\/p>\n\n\n\n\n\n\n\nV\u00e1llalkoz\u00e1sok teljes k\u00f6r\u0171 k\u00f6nyvel\u00e9se, besz\u00e1mol\u00f3 \u00e9s ad\u00f3bevall\u00e1sok elk\u00e9sz\u00edt\u00e9se.\n\n\n\n\n\nEgy\u00e9ni \u00e9s t\u00e1rsas v\u00e1llalkoz\u00f3k, valamint a munkav\u00e1llal\u00f3ik r\u00e9sz\u00e9re b\u00e9rsz\u00e1mfejt\u00e9s, TB \u00fcgyint\u00e9z\u00e9s.\n\n\n\n\n\nMag\u00e1nszem\u00e9lyek r\u00e9sz\u00e9re az \u00e9vi szem\u00e9lyi j\u00f6vedelemad\u00f3 bevall\u00e1s elk\u00e9sz\u00edt\u00e9se, ad\u00f3hat\u00f3s\u00e1gi tervezetek kieg\u00e9sz\u00edt\u00e9se, jav\u00edt\u00e1sa.\n\n\n\n\n\n\n\nEgy\u00e9ni v\u00e1llalkoz\u00e1sok ind\u00edt\u00e1sa, hat\u00f3s\u00e1gi bejelent\u00e9sek \u00fcgyint\u00e9z\u00e9se, tan\u00e1csad\u00e1ssal.\n\n\n\n\n\nA t\u00e1rsas v\u00e1llalkoz\u00e1sok r\u00e9sz\u00e9re a Sz\u00e1mviteli t\u00f6rv\u00e9nyben el\u0151\u00edrt szab\u00e1lyzatok elk\u00e9sz\u00edt\u00e9se.\n\n\n\n\n\nA v\u00e9gelsz\u00e1mol\u00e1ssal kapcsolatos hat\u00e1rozatok, bevall\u00e1sok teljes k\u00f6r\u0171 elk\u00e9sz\u00edt\u00e9se, hat\u00f3s\u00e1gi kapcsolattart\u00e1s a v\u00e9gelsz\u00e1mol\u00e1s v\u00e9g\u00e9ig.\n\n\n\n\n\n\n","protected":false},"excerpt":{"rendered":"","protected":false},"author":1,"featured_media":0,"parent":0,"menu_order":0,"comment_status":"closed","ping_status":"closed","template":"","meta":{"_siteseo_robots_primary_cat":"","pagelayer_contact_templates":[],"_pagelayer_content":"","footnotes":""},"class_list":["post-43","page","type-page","status-publish","hentry"],"_links":{"self":[{"href":"https:\/\/szigetkonyveloiroda.com\/sziget\/wp-json\/wp\/v2\/pages\/43","targetHints":{"allow":["GET"]}}],"collection":[{"href":"https:\/\/szigetkonyveloiroda.com\/sziget\/wp-json\/wp\/v2\/pages"}],"about":[{"href":"https:\/\/szigetkonyveloiroda.com\/sziget\/wp-json\/wp\/v2\/types\/page"}],"author":[{"embeddable":true,"href":"https:\/\/szigetkonyveloiroda.com\/sziget\/wp-json\/wp\/v2\/users\/1"}],"replies":[{"embeddable":true,"href":"https:\/\/szigetkonyveloiroda.com\/sziget\/wp-json\/wp\/v2\/comments?post=43"}],"version-history":[{"count":8,"href":"https:\/\/szigetkonyveloiroda.com\/sziget\/wp-json\/wp\/v2\/pages\/43\/revisions"}],"predecessor-version":[{"id":127,"href":"https:\/\/szigetkonyveloiroda.com\/sziget\/wp-json\/wp\/v2\/pages\/43\/revisions\/127"}],"wp:attachment":[{"href":"https:\/\/szigetkonyveloiroda.com\/sziget\/wp-json\/wp\/v2\/media?parent=43"}],"curies":[{"name":"wp","href":"https:\/\/api.w.org\/{rel}","templated":true}]}}