{"id":42,"date":"2024-11-18T19:52:06","date_gmt":"2024-11-18T18:52:06","guid":{"rendered":"https:\/\/szigetkonyveloiroda.com\/sziget\/home\/"},"modified":"2025-04-01T13:45:39","modified_gmt":"2025-04-01T12:45:39","slug":"home","status":"publish","type":"page","link":"https:\/\/szigetkonyveloiroda.com\/sziget\/","title":{"rendered":"K\u00f6nyvel\u00e9s, k\u00f6nyvvitel"},"content":{"rendered":"\n\n\n\n\n\n\n\n\n\n\n\n\n\n\n\n\n\n\n\n\n<h2>Mi\u00e9rt minket v\u00e1lasszon?<\/h2><br>&#8230;&#8230;&#8230;.\n\n\n\n\n\n\n\n<h3>20+ \u00e9v szakmai tapasztalat \u00e9s megb\u00edzhat\u00f3s\u00e1g<\/h3>\n\n\n\n\n\n<p>T\u00f6bb sz\u00e1z c\u00e9g megb\u00edzhat\u00f3 k\u00f6nyvel\u00e9se \u00e9s a kis \u00e9s k\u00f6z\u00e9pv\u00e1llalkoz\u00e1si k\u00f6nyvvitel ter\u00fclet\u00e9n szerzett t\u00f6bb, mint 20 \u00e9ves szakmai, gyakorlati tapasztalatunkkal szolg\u00e1ljuk ki \u00fcgyfeleink ig\u00e9nyeit.<\/p>\n\n\n\n\n\n<h3>digit\u00e1lis \u00fcgyvitel<\/h3>\n\n\n\n\n\n<p>Gyors\u00edtva \u00e9s egyszer\u0171s\u00edtve a feldolgozand\u00f3 adatokat \u00e9s kommunik\u00e1ci\u00f3t \u00fcgyfeleinknek d\u00edjmentesen online iratt\u00e1rat biztos\u00edtunk, melybe felt\u00f6ltheti bizonylatait (ezzel id\u0151t, post\u00e1z\u00e1si \u00e9s utaz\u00e1si k\u00f6lts\u00e9geket is megtakar\u00edthat).<\/p>\n\n\n\n\n\n\n\n<h3>felel\u0151ss\u00e9g biztos\u00edt\u00e1s<\/h3>\n\n\n\n\n\n<p>\u00dcgyfeleink fel\u00e9 tev\u00e9kenys\u00e9g\u00fcnket teljes k\u00f6r\u0171 szakmai felel\u0151ss\u00e9g biztos\u00edt\u00e1ssal is er\u0151s\u00edtj\u00fck.<\/p>\n\n\n\n\n\n<h3>versenyk\u00e9pes \u00e1rak<\/h3>\n\n\n\n\n\n<p>Havi fix \u00e1rakkal dolgozunk, mindenf\u00e9le rejtett \u00e9s nehezen kalkul\u00e1lhat\u00f3 k\u00f6lts\u00e9gek \u00e9s &#8222;apr\u00f3bet\u0171s&#8221; r\u00e9szletek n\u00e9lk\u00fcl.<\/p>\n\n\n\n\n\n\n\n<h3>konzult\u00e1ci\u00f3<\/h3>\n\n\n\n\n\n<p>Folyamatosan t\u00e1j\u00e9koztatjuk \u00fcgyfeleinket az ad\u00f3v\u00e1ltoz\u00e1sokr\u00f3l, fizetend\u0151 ad\u00f3kr\u00f3l \u00e9s j\u00e1rul\u00e9kokr\u00f3l, ig\u00e9ny eset\u00e9n szakmai tan\u00e1csad\u00e1ssal is seg\u00edtj\u00fck a gazd\u00e1lkod\u00e1st.<\/p>\n\n\n\n\n\n<h3>rendszeres riportol\u00e1s<\/h3>\n\n\n\n\n\n<p>Havi riportunk seg\u00edts\u00e9g\u00e9vel pontos inform\u00e1ci\u00f3khoz jut c\u00e9ge aktu\u00e1lis helyzet\u00e9r\u0151l.<\/p>\n\n\n\n\n\n\n\n\n\n\n\n\n\n\n\n<h2>Szolg\u00e1ltat\u00e1saink<\/h2>\n\n\n\n<p>K\u00f6nyvel\u00e9s, b\u00e9rsz\u00e1mfejt\u00e9s, szja bevall\u00e1s, v\u00e1llakoz\u00e1s ind\u00edt\u00e1s, sz\u00e1mviteli szab\u00e1lyzatok k\u00e9sz\u00edt\u00e9se, egyszer\u0171s\u00edtett v\u00e9gelsz\u00e1mol\u00e1s bonyol\u00edt\u00e1sa.<\/p>\n\n\n\n\n\n\n\n<h3>K\u00f6nyvel\u00e9s<\/h3>\n\n\n\n<p>V\u00e1llalkoz\u00e1sok teljes k\u00f6r\u0171 k\u00f6nyvel\u00e9se, besz\u00e1mol\u00f3 \u00e9s ad\u00f3bevall\u00e1sok elk\u00e9sz\u00edt\u00e9se.<\/p>\n\n\n\n\n\n\n\n\n\n<h3>SZJA bevall\u00e1s<\/h3>\n\n\n\n<p>Mag\u00e1nszem\u00e9lyek r\u00e9sz\u00e9re az \u00e9vi szem\u00e9lyi j\u00f6vedelemad\u00f3 bevall\u00e1s elk\u00e9sz\u00edt\u00e9se, ad\u00f3hat\u00f3s\u00e1gi tervezetek kieg\u00e9sz\u00edt\u00e9se, jav\u00edt\u00e1sa.<\/p>\n\n\n\n\n\n<h3>B\u00e9rsz\u00e1mfejt\u00e9s<\/h3>\n\n\n\n<p>Egy\u00e9ni \u00e9s t\u00e1rsas v\u00e1llalkoz\u00f3k, valamint a munkav\u00e1llal\u00f3ik r\u00e9sz\u00e9re b\u00e9rsz\u00e1mfejt\u00e9s, TB \u00fcgyint\u00e9z\u00e9s, kiszervezett b\u00e9rsz\u00e1mfejt\u00e9s.<\/p>\n\n\n\n\n\n\n\n\n\n<h3>V\u00e1llalkoz\u00e1s ind\u00edt\u00e1s<\/h3>\n\n\n\n<p>Egy\u00e9ni v\u00e1llalkoz\u00e1sok ind\u00edt\u00e1sa, hat\u00f3s\u00e1gi bejelent\u00e9sek \u00fcgyint\u00e9z\u00e9se, tan\u00e1csad\u00e1ssal.<\/p>\n\n\n\n\n\n\n\n\n\n<h3>Szab\u00e1lyzatok k\u00e9sz\u00edt\u00e9se<\/h3>\n\n\n\n<p>V\u00e1llaljuk a t\u00e1rsas v\u00e1llalkoz\u00e1sok r\u00e9sz\u00e9re a Sz\u00e1mviteli t\u00f6rv\u00e9nyben el\u0151\u00edrt p\u00e9nz\u00fcgyi, sz\u00e1mviteli szab\u00e1lyzatok elk\u00e9sz\u00edt\u00e9s\u00e9t.<\/p>\n\n\n\n\n\n<h3>Egyszer\u0171s\u00edtett v\u00e9gelsz\u00e1mol\u00e1s<\/h3>\n\n\n\n<p>A v\u00e9gelsz\u00e1mol\u00e1ssal kapcsolatos hat\u00e1rozatok, bevall\u00e1sok teljes k\u00f6r\u0171 elk\u00e9sz\u00edt\u00e9se, hat\u00f3s\u00e1gi kapcsolattart\u00e1s a v\u00e9gelsz\u00e1mol\u00e1s v\u00e9g\u00e9ig.<\/p>\n\n\n\n\n\n\n\n\n\n\n\n\n\n\n\n\n\n\n\n\n\n\n\n<p><\/p>\n","protected":false},"excerpt":{"rendered":"","protected":false},"author":1,"featured_media":0,"parent":0,"menu_order":0,"comment_status":"closed","ping_status":"closed","template":"","meta":{"_siteseo_robots_primary_cat":"","pagelayer_contact_templates":[],"_pagelayer_content":"","footnotes":""},"class_list":["post-42","page","type-page","status-publish","hentry"],"_links":{"self":[{"href":"https:\/\/szigetkonyveloiroda.com\/sziget\/wp-json\/wp\/v2\/pages\/42","targetHints":{"allow":["GET"]}}],"collection":[{"href":"https:\/\/szigetkonyveloiroda.com\/sziget\/wp-json\/wp\/v2\/pages"}],"about":[{"href":"https:\/\/szigetkonyveloiroda.com\/sziget\/wp-json\/wp\/v2\/types\/page"}],"author":[{"embeddable":true,"href":"https:\/\/szigetkonyveloiroda.com\/sziget\/wp-json\/wp\/v2\/users\/1"}],"replies":[{"embeddable":true,"href":"https:\/\/szigetkonyveloiroda.com\/sziget\/wp-json\/wp\/v2\/comments?post=42"}],"version-history":[{"count":29,"href":"https:\/\/szigetkonyveloiroda.com\/sziget\/wp-json\/wp\/v2\/pages\/42\/revisions"}],"predecessor-version":[{"id":164,"href":"https:\/\/szigetkonyveloiroda.com\/sziget\/wp-json\/wp\/v2\/pages\/42\/revisions\/164"}],"wp:attachment":[{"href":"https:\/\/szigetkonyveloiroda.com\/sziget\/wp-json\/wp\/v2\/media?parent=42"}],"curies":[{"name":"wp","href":"https:\/\/api.w.org\/{rel}","templated":true}]}}