{"id":41,"date":"2024-11-18T19:52:06","date_gmt":"2024-11-18T18:52:06","guid":{"rendered":"https:\/\/szigetkonyveloiroda.com\/sziget\/about\/"},"modified":"2025-04-01T13:36:47","modified_gmt":"2025-04-01T12:36:47","slug":"about","status":"publish","type":"page","link":"https:\/\/szigetkonyveloiroda.com\/sziget\/about\/","title":{"rendered":"R\u00f3lunk"},"content":{"rendered":"\n\n\n\n\n<h2>Sziget K\u00f6nyvel\u0151 Iroda<\/h2>\n\n\n\n<p>K\u00f6nyvel\u0151irod\u00e1nkat a kis \u00e9s k\u00f6z\u00e9pv\u00e1llalkoz\u00e1si k\u00f6nyvvitel ter\u00fclet\u00e9n t\u00f6bb mint 20 \u00e9ves szakmai tapasztalattal szerzett gyakorlati h\u00e1tt\u00e9rrel alap\u00edtottuk azzal a sz\u00e1nd\u00e9kkal, hogy \u00fcgyfeleink k\u00f6nyvvitelhez, k\u00f6nyvel\u00e9shez, b\u00e9rsz\u00e1mfejt\u00e9shez kapcsol\u00f3d\u00f3 ig\u00e9nyeit a legjobb min\u0151s\u00e9gben tudjuk folyamatosan kiszolg\u00e1lni.<\/p>\n\n\n\n\n\n\n\n<p>Irod\u00e1nk Szigetszentmikl\u00f3s k\u00f6zpontja k\u00f6zel\u00e9ben tal\u00e1lhat\u00f3. Munkat\u00e1rsaink t\u00f6bb \u00e9ves szakmai tapasztalattal rendelkeznek kis \u00e9s k\u00f6z\u00e9p v\u00e1llalkoz\u00e1sok k\u00f6nyvel\u00e9se \u00e9s b\u00e9rsz\u00e1mfejt\u00e9se ter\u00fclet\u00e9n \u00e9s folyamatos tov\u00e1bbk\u00e9pz\u00e9seken fejlesztik tud\u00e1sukat. Prec\u00edz \u00e9s megb\u00edzhat\u00f3 szolg\u00e1ltat\u00e1st ny\u00fajtunk, mind egy\u00e9ni v\u00e1llalkoz\u00f3k, mind t\u00e1rsas v\u00e1llalkoz\u00e1sok sz\u00e1m\u00e1ra. Szem\u00e9lyre szabottan alak\u00edtjuk ki a kapcsolattart\u00e1st \u00e9s dokumentum\u00e1tad\u00e1st minden partner\u00fcnkkel ez\u00e9rt mind a szem\u00e9lyes, mind az online \u00e1tad\u00e1sra lehet\u0151s\u00e9get biztos\u00edtunk.<\/p>\n\n\n\n\n\n<p>A k\u00f6z\u00f6s munka sor\u00e1n megb\u00edz\u00e1si szerz\u0151d\u00e9ssel dolgozunk \u00e9s meghatalmazottk\u00e9nt k\u00e9pviselj\u00fck az \u00fcgyfelet az ad\u00f3hat\u00f3s\u00e1g, az \u00f6nkorm\u00e1nyzatok \u00e9s egy\u00e9b szervezetek el\u0151tt. Fontos sz\u00e1munkra, hogy szerz\u0151d\u00f6tt partnereink naprak\u00e9sz inform\u00e1ci\u00f3kat kapjanak, ezzel seg\u00edtve a minden napi vezet\u0151i d\u00f6nt\u00e9seiket.<\/p>\n\n\n\n<p>&#8230;.<\/p>\n\n\n\n\n\n\n\n\n\n\n\n\n\n\n\n\n\n<h2>Mi\u00e9rt minket v\u00e1lasszanak?!<\/h2>\n\n\n\n<p>T\u00f6bb, mint 20 \u00e9ves szakmai tapasztalat kis- \u00e9s k\u00f6z\u00e9pv\u00e1llalkoz\u00e1si k\u00f6nyvvitel ter\u00fclet\u00e9n.<\/p>\n\n\n\n\n\n\n\n<p>\u00dcgyfeleinknek d\u00edjmentesen online iratt\u00e1rat biztos\u00edtunk, melybe felt\u00f6ltheti bizonylatait, megsp\u00f3rolva a post\u00e1z\u00e1si, utaz\u00e1si k\u00f6lts\u00e9geket.<\/p>\n\n\n\n\n\n<p>Teljesk\u00f6r\u0171 szakmai felel\u0151ss\u00e9gbiztos\u00edt\u00e1ssal rendelkez\u00fcnk.<\/p>\n\n\n\n\n\n<p>Versenyk\u00e9pes, \u00e9s egyszer\u0171en \u00e1tl\u00e1that\u00f3, kalkul\u00e1lhat\u00f3 havi fix \u00e1rakkal dolgozunk rejtett k\u00f6lts\u00e9gek n\u00e9lk\u00fcl.<\/p>\n\n\n\n\n\n<p>Havi riportunk seg\u00edts\u00e9g\u00e9vel pontos inform\u00e1ci\u00f3khoz jut c\u00e9ge aktu\u00e1lis helyzet\u00e9r\u0151l. Folyamatosan t\u00e1j\u00e9koztatjuk \u00fcgyfeleinket az ad\u00f3v\u00e1ltoz\u00e1sokr\u00f3l, fizetend\u0151 ad\u00f3kr\u00f3l, j\u00e1rul\u00e9kokr\u00f3l.<\/p>\n\n\n\n\n","protected":false},"excerpt":{"rendered":"","protected":false},"author":1,"featured_media":0,"parent":0,"menu_order":0,"comment_status":"closed","ping_status":"closed","template":"","meta":{"_siteseo_robots_primary_cat":"","pagelayer_contact_templates":[],"_pagelayer_content":"","footnotes":""},"class_list":["post-41","page","type-page","status-publish","hentry"],"_links":{"self":[{"href":"https:\/\/szigetkonyveloiroda.com\/sziget\/wp-json\/wp\/v2\/pages\/41","targetHints":{"allow":["GET"]}}],"collection":[{"href":"https:\/\/szigetkonyveloiroda.com\/sziget\/wp-json\/wp\/v2\/pages"}],"about":[{"href":"https:\/\/szigetkonyveloiroda.com\/sziget\/wp-json\/wp\/v2\/types\/page"}],"author":[{"embeddable":true,"href":"https:\/\/szigetkonyveloiroda.com\/sziget\/wp-json\/wp\/v2\/users\/1"}],"replies":[{"embeddable":true,"href":"https:\/\/szigetkonyveloiroda.com\/sziget\/wp-json\/wp\/v2\/comments?post=41"}],"version-history":[{"count":7,"href":"https:\/\/szigetkonyveloiroda.com\/sziget\/wp-json\/wp\/v2\/pages\/41\/revisions"}],"predecessor-version":[{"id":160,"href":"https:\/\/szigetkonyveloiroda.com\/sziget\/wp-json\/wp\/v2\/pages\/41\/revisions\/160"}],"wp:attachment":[{"href":"https:\/\/szigetkonyveloiroda.com\/sziget\/wp-json\/wp\/v2\/media?parent=41"}],"curies":[{"name":"wp","href":"https:\/\/api.w.org\/{rel}","templated":true}]}}