{"id":40,"date":"2024-11-18T19:52:06","date_gmt":"2024-11-18T18:52:06","guid":{"rendered":"https:\/\/szigetkonyveloiroda.com\/sziget\/contact\/"},"modified":"2025-04-01T13:35:41","modified_gmt":"2025-04-01T12:35:41","slug":"contact","status":"publish","type":"page","link":"https:\/\/szigetkonyveloiroda.com\/sziget\/contact\/","title":{"rendered":"Irod\u00e1nk el\u00e9rhet\u0151s\u00e9ge"},"content":{"rendered":"\n<p class=\"has-text-align-center has-large-font-size\">  2310 Szigetszentmikl\u00f3s, Gy\u00e1ri \u00fat 62. <\/p>\n\n\n\n<p class=\"has-text-align-center\">  a BAU PLAZA T\u00dcZ\u00c9P telephelyen a f\u0151bej\u00e1ratt\u00f3l balra l\u00e9v\u0151 iroda\u00e9p\u00fcletben<\/p>\n\n\n\n<p class=\"has-text-align-center\"> (a t\u00e9rk\u00e9pre kattintva \u00faj ablakban megtekinthet\u0151 a Google t\u00e9rk\u00e9pen)<\/p>\n\n\n<div class=\"wp-block-image is-style-rounded wp-duotone-unset-1\">\n<figure class=\"aligncenter size-large\"><a href=\"https:\/\/maps.app.goo.gl\/teaHRHV98ufwMPM8A\" target=\"_blank\" rel=\" noreferrer noopener\"><img loading=\"lazy\" decoding=\"async\" width=\"1024\" height=\"381\" src=\"https:\/\/szigetkonyveloiroda.com\/sziget\/wp-content\/uploads\/2025\/01\/gyu6-1024x381.png\" alt=\"\" class=\"wp-image-139\" srcset=\"https:\/\/szigetkonyveloiroda.com\/sziget\/wp-content\/uploads\/2025\/01\/gyu6-1024x381.png 1024w, https:\/\/szigetkonyveloiroda.com\/sziget\/wp-content\/uploads\/2025\/01\/gyu6-300x112.png 300w, https:\/\/szigetkonyveloiroda.com\/sziget\/wp-content\/uploads\/2025\/01\/gyu6-768x286.png 768w, https:\/\/szigetkonyveloiroda.com\/sziget\/wp-content\/uploads\/2025\/01\/gyu6-1536x571.png 1536w, https:\/\/szigetkonyveloiroda.com\/sziget\/wp-content\/uploads\/2025\/01\/gyu6.png 2022w\" sizes=\"auto, (max-width: 1024px) 100vw, 1024px\" \/><\/a><\/figure>\n<\/div>\n\n\n\n\n\n\n<h2>El\u00e9rhet\u0151s\u00e9geink<\/h2>\n\n\n\n<p>&#8230;.<\/p>\n\n\n\n\n\n\n\n\n\n<h3> Irod\u00e1nk c\u00edme<\/h3>\n\n\n\n\n\n\n\n\n\n<h3>\u00c9rdekl\u0151d\u00e9s<\/h3>\n\n\n\n\n\n\n\n\n\n<h3>E-lev\u00e9l<\/h3>\n\n\n\n\n\n\n\n\n\n\n\n\n\n\n\n<h2>Nyitva tart\u00e1s<\/h2>\n\n\n\n<p>az iroda \u00e1ltal\u00e1nos nyitva tart\u00e1sa<\/p>\n\n\n\n\n\n\n\n\n\n<h3>H\u00e9tf\u0151t\u0151l p\u00e9ntekig<\/h3>\n\n\n\n<h3>8 &#8211; 16 \u00f3r\u00e1ig<\/h3>\n\n\n\n\n\n\n\n<h3>Szombat<\/h3>\n\n\n\n<h3>z\u00e1rva<\/h3>\n\n\n\n\n\n\n\n<h3>Vas\u00e1rnap<\/h3>\n\n\n\n<h3>z\u00e1rva<\/h3>\n\n\n\n\n\n\n\n<p><\/p>\n","protected":false},"excerpt":{"rendered":"<p>2310 Szigetszentmikl\u00f3s, Gy\u00e1ri \u00fat 62. a BAU PLAZA T\u00dcZ\u00c9P telephelyen a f\u0151bej\u00e1ratt\u00f3l balra l\u00e9v\u0151 iroda\u00e9p\u00fcletben (a t\u00e9rk\u00e9pre kattintva \u00faj ablakban megtekinthet\u0151 a Google t\u00e9rk\u00e9pen)<\/p>\n","protected":false},"author":1,"featured_media":0,"parent":0,"menu_order":0,"comment_status":"closed","ping_status":"closed","template":"","meta":{"_siteseo_robots_primary_cat":"","pagelayer_contact_templates":[],"_pagelayer_content":"","footnotes":""},"class_list":["post-40","page","type-page","status-publish","hentry"],"_links":{"self":[{"href":"https:\/\/szigetkonyveloiroda.com\/sziget\/wp-json\/wp\/v2\/pages\/40","targetHints":{"allow":["GET"]}}],"collection":[{"href":"https:\/\/szigetkonyveloiroda.com\/sziget\/wp-json\/wp\/v2\/pages"}],"about":[{"href":"https:\/\/szigetkonyveloiroda.com\/sziget\/wp-json\/wp\/v2\/types\/page"}],"author":[{"embeddable":true,"href":"https:\/\/szigetkonyveloiroda.com\/sziget\/wp-json\/wp\/v2\/users\/1"}],"replies":[{"embeddable":true,"href":"https:\/\/szigetkonyveloiroda.com\/sziget\/wp-json\/wp\/v2\/comments?post=40"}],"version-history":[{"count":21,"href":"https:\/\/szigetkonyveloiroda.com\/sziget\/wp-json\/wp\/v2\/pages\/40\/revisions"}],"predecessor-version":[{"id":159,"href":"https:\/\/szigetkonyveloiroda.com\/sziget\/wp-json\/wp\/v2\/pages\/40\/revisions\/159"}],"wp:attachment":[{"href":"https:\/\/szigetkonyveloiroda.com\/sziget\/wp-json\/wp\/v2\/media?parent=40"}],"curies":[{"name":"wp","href":"https:\/\/api.w.org\/{rel}","templated":true}]}}